{"id":884,"date":"2025-05-06T16:29:14","date_gmt":"2025-05-06T16:29:14","guid":{"rendered":"https:\/\/www.rodoscup.gr\/history\/rodos-cup-2023\/"},"modified":"2025-05-09T18:08:08","modified_gmt":"2025-05-09T18:08:08","slug":"rodos-cup-2023","status":"publish","type":"page","link":"https:\/\/www.rodoscup.gr\/en\/history\/rodos-cup-2023\/","title":{"rendered":"Rodos Cup 2023"},"content":{"rendered":"<p><div class=\"fusion-fullwidth fullwidth-box fusion-builder-row-1 fusion-flex-container has-pattern-background has-mask-background nonhundred-percent-fullwidth non-hundred-percent-height-scrolling\" style=\"--awb-border-radius-top-left:0px;--awb-border-radius-top-right:0px;--awb-border-radius-bottom-right:0px;--awb-border-radius-bottom-left:0px;--awb-background-color:var(--awb-custom_color_1);--awb-flex-wrap:wrap;\" ><div class=\"fusion-builder-row fusion-row fusion-flex-align-items-flex-start fusion-flex-content-wrap\" style=\"max-width:1456px;margin-left: calc(-4% \/ 2 );margin-right: calc(-4% \/ 2 );\"><div class=\"fusion-layout-column fusion_builder_column fusion-builder-column-0 fusion_builder_column_1_2 1_2 fusion-flex-column\" style=\"--awb-bg-size:cover;--awb-width-large:50%;--awb-margin-top-large:0px;--awb-spacing-right-large:3.84%;--awb-margin-bottom-large:20px;--awb-spacing-left-large:3.84%;--awb-width-medium:50%;--awb-order-medium:0;--awb-spacing-right-medium:3.84%;--awb-spacing-left-medium:3.84%;--awb-width-small:100%;--awb-order-small:0;--awb-spacing-right-small:1.92%;--awb-spacing-left-small:1.92%;\"><div class=\"fusion-column-wrapper fusion-column-has-shadow fusion-flex-justify-content-flex-start fusion-content-layout-column\"><div class=\"fusion-title title fusion-title-1 fusion-sep-none fusion-title-center fusion-title-text fusion-title-size-one section-title\" style=\"--awb-margin-top-small:10px;--awb-margin-right-small:0px;--awb-margin-bottom-small:10px;--awb-margin-left-small:0px;--awb-font-size:var(--awb-typography2-font-size);\"><h1 class=\"fusion-title-heading title-heading-center\" style=\"font-family:var(--awb-typography2-font-family);font-weight:var(--awb-typography2-font-weight);font-style:var(--awb-typography2-font-style);margin:0;letter-spacing:var(--awb-typography2-letter-spacing);text-transform:var(--awb-typography2-text-transform);font-size:1em;line-height:var(--awb-typography2-line-height);\"><h4 class=\"subtitle\">Rodos Cup 2023<\/h4>\n<h2 class=\"title\">The Route<\/h2><\/h1><\/div><div class=\"fusion-image-element \" style=\"text-align:center;--awb-max-width:500px;--awb-caption-title-font-family:var(--h2_typography-font-family);--awb-caption-title-font-weight:var(--h2_typography-font-weight);--awb-caption-title-font-style:var(--h2_typography-font-style);--awb-caption-title-size:var(--h2_typography-font-size);--awb-caption-title-transform:var(--h2_typography-text-transform);--awb-caption-title-line-height:var(--h2_typography-line-height);--awb-caption-title-letter-spacing:var(--h2_typography-letter-spacing);\"><span class=\" fusion-imageframe imageframe-none imageframe-1 hover-type-none fusion-animated\" data-animationType=\"flipiny\" data-animationDuration=\"1.3\" data-animationOffset=\"top-into-view\"><img decoding=\"async\" width=\"1132\" height=\"1600\" title=\"RC2023-program-gr\" src=\"https:\/\/www.rodoscup.gr\/wp-content\/uploads\/2025\/05\/RC2023-program-gr.jpg\" alt class=\"img-responsive wp-image-805\" srcset=\"https:\/\/www.rodoscup.gr\/wp-content\/uploads\/2025\/05\/RC2023-program-gr-200x283.jpg 200w, https:\/\/www.rodoscup.gr\/wp-content\/uploads\/2025\/05\/RC2023-program-gr-400x565.jpg 400w, https:\/\/www.rodoscup.gr\/wp-content\/uploads\/2025\/05\/RC2023-program-gr-600x848.jpg 600w, https:\/\/www.rodoscup.gr\/wp-content\/uploads\/2025\/05\/RC2023-program-gr-800x1131.jpg 800w, https:\/\/www.rodoscup.gr\/wp-content\/uploads\/2025\/05\/RC2023-program-gr.jpg 1132w\" sizes=\"(max-width: 640px) 100vw, 800px\" \/><\/span><\/div><\/div><\/div><div class=\"fusion-layout-column fusion_builder_column fusion-builder-column-1 fusion_builder_column_2_5 2_5 fusion-flex-column fusion-flex-align-self-center\" style=\"--awb-bg-size:cover;--awb-width-large:40%;--awb-margin-top-large:0px;--awb-spacing-right-large:4.8%;--awb-margin-bottom-large:20px;--awb-spacing-left-large:4.8%;--awb-width-medium:40%;--awb-order-medium:0;--awb-spacing-right-medium:4.8%;--awb-spacing-left-medium:4.8%;--awb-width-small:100%;--awb-order-small:0;--awb-spacing-right-small:1.92%;--awb-spacing-left-small:1.92%;\" data-scroll-devices=\"small-visibility,medium-visibility,large-visibility\"><div class=\"fusion-column-wrapper fusion-column-has-shadow fusion-flex-justify-content-center fusion-content-layout-column\"><div class=\"fusion-title title fusion-title-2 fusion-sep-none fusion-title-center fusion-title-text fusion-title-size-one section-title\" style=\"--awb-margin-top-small:10px;--awb-margin-right-small:0px;--awb-margin-bottom-small:10px;--awb-margin-left-small:0px;--awb-font-size:var(--awb-typography2-font-size);\"><h1 class=\"fusion-title-heading title-heading-center\" style=\"font-family:var(--awb-typography2-font-family);font-weight:var(--awb-typography2-font-weight);font-style:var(--awb-typography2-font-style);margin:0;letter-spacing:var(--awb-typography2-letter-spacing);text-transform:var(--awb-typography2-text-transform);font-size:1em;line-height:var(--awb-typography2-line-height);\"><h4 class=\"subtitle\">Rodos Cup 2023<\/h4>\n<h2 class=\"title\">The Schedule<\/h2><\/h1><\/div><div class=\"fusion-text fusion-text-1 fusion-animated\" style=\"--awb-content-alignment:center;--awb-font-size:18px;--awb-line-height:var(--awb-typography4-line-height);--awb-letter-spacing:var(--awb-typography4-letter-spacing);--awb-text-transform:var(--awb-typography4-text-transform);--awb-text-font-family:var(--awb-typography4-font-family);--awb-text-font-weight:var(--awb-typography4-font-weight);--awb-text-font-style:var(--awb-typography4-font-style);\" data-animationType=\"slideShortInRight\" data-animationDuration=\"0.7\" data-animationOffset=\"top-into-view\"><p><strong>Sunday, 23\/7\/2023, Kos Marina<\/strong><\/p>\n<p>Registrations<br \/>\nOpening ceremony<\/p>\n<p><strong>Monday, 24\/7\/2023<\/strong><\/p>\n<p>1st Race: Kos \u2013 Kalymnos<\/p>\n<p><strong>Tuesday, 25\/7\/2023<\/strong><\/p>\n<p>2nd Race: Kalymnos \u2013 Nisyros<\/p>\n<p><strong>Wednesday, 26\/7\/2023<\/strong><\/p>\n<p>Free day in Nisyros<\/p>\n<p><strong>Thursday, 27\/7\/2023<\/strong><\/p>\n<p>3rd Race: Nisyros \u2013 Symi<\/p>\n<p><strong>Friday, 28\/7\/2023<\/strong><\/p>\n<p>4th Race: Symi \u2013 Rhodes<br \/>\nClosing ceremony<\/p>\n<\/div><\/div><\/div><\/div><\/div><div class=\"fusion-fullwidth fullwidth-box fusion-builder-row-2 fusion-flex-container has-pattern-background has-mask-background nonhundred-percent-fullwidth non-hundred-percent-height-scrolling\" style=\"--awb-border-radius-top-left:0px;--awb-border-radius-top-right:0px;--awb-border-radius-bottom-right:0px;--awb-border-radius-bottom-left:0px;--awb-padding-top:50px;--awb-padding-bottom:50px;--awb-background-color:var(--awb-custom_color_1);--awb-flex-wrap:wrap;\" ><div class=\"fusion-builder-row fusion-row fusion-flex-align-items-flex-start fusion-flex-content-wrap\" style=\"max-width:1456px;margin-left: calc(-4% \/ 2 );margin-right: calc(-4% \/ 2 );\"><div class=\"fusion-layout-column fusion_builder_column fusion-builder-column-2 fusion_builder_column_1_1 1_1 fusion-flex-column\" style=\"--awb-bg-size:cover;--awb-width-large:100%;--awb-margin-top-large:0px;--awb-spacing-right-large:1.92%;--awb-margin-bottom-large:20px;--awb-spacing-left-large:1.92%;--awb-width-medium:100%;--awb-order-medium:0;--awb-spacing-right-medium:1.92%;--awb-spacing-left-medium:1.92%;--awb-width-small:100%;--awb-order-small:0;--awb-spacing-right-small:1.92%;--awb-spacing-left-small:1.92%;\"><div class=\"fusion-column-wrapper fusion-column-has-shadow fusion-flex-justify-content-flex-start fusion-content-layout-column\"><div class=\"fusion-title title fusion-title-3 fusion-sep-none fusion-title-center fusion-title-text fusion-title-size-one section-title\" style=\"--awb-margin-top-small:10px;--awb-margin-right-small:0px;--awb-margin-bottom-small:10px;--awb-margin-left-small:0px;--awb-font-size:var(--awb-typography2-font-size);\"><h1 class=\"fusion-title-heading title-heading-center\" style=\"font-family:var(--awb-typography2-font-family);font-weight:var(--awb-typography2-font-weight);font-style:var(--awb-typography2-font-style);margin:0;letter-spacing:var(--awb-typography2-letter-spacing);text-transform:var(--awb-typography2-text-transform);font-size:1em;line-height:var(--awb-typography2-line-height);\"><h4 class=\"subtitle\">Rodos Cup 2023<\/h4>\n<h2 class=\"title\">Notice board<\/h2><\/h1><\/div><div style=\"text-align:center;\"><a class=\"fusion-button button-flat fusion-button-default-size button-default fusion-button-default button-1 fusion-button-default-span fusion-button-default-type\" style=\"--button_text_transform:var(--awb-custom_typography_2-text-transform);--button_font_size:var(--awb-custom_typography_2-font-size);--button_line_height:var(--awb-custom_typography_2-line-height);--button_typography-letter-spacing:var(--awb-custom_typography_2-letter-spacing);--button_typography-font-family:var(--awb-custom_typography_2-font-family);--button_typography-font-weight:var(--awb-custom_typography_2-font-weight);--button_typography-font-style:var(--awb-custom_typography_2-font-style);\" target=\"_self\" href=\"https:\/\/www.racingrulesofsailing.org\/documents\/6604\/event?name=26th-rodos-cup-2023\"><span class=\"fusion-button-text awb-button__text awb-button__text--default\">View the notice board here<\/span><\/a><\/div><\/div><\/div><\/div><\/div><div class=\"fusion-fullwidth fullwidth-box fusion-builder-row-3 fusion-flex-container has-pattern-background has-mask-background nonhundred-percent-fullwidth non-hundred-percent-height-scrolling\" style=\"--awb-border-radius-top-left:0px;--awb-border-radius-top-right:0px;--awb-border-radius-bottom-right:0px;--awb-border-radius-bottom-left:0px;--awb-padding-right-small:0px;--awb-padding-left-small:0px;--awb-flex-wrap:wrap;\" ><div class=\"fusion-builder-row fusion-row fusion-flex-align-items-flex-start fusion-flex-content-wrap\" style=\"max-width:1456px;margin-left: calc(-4% \/ 2 );margin-right: calc(-4% \/ 2 );\"><div class=\"fusion-layout-column fusion_builder_column fusion-builder-column-3 fusion_builder_column_1_1 1_1 fusion-flex-column\" style=\"--awb-bg-size:cover;--awb-width-large:100%;--awb-margin-top-large:0px;--awb-spacing-right-large:1.92%;--awb-margin-bottom-large:20px;--awb-spacing-left-large:1.92%;--awb-width-medium:100%;--awb-order-medium:0;--awb-spacing-right-medium:1.92%;--awb-spacing-left-medium:1.92%;--awb-width-small:100%;--awb-order-small:0;--awb-spacing-right-small:1.92%;--awb-spacing-left-small:1.92%;\"><div class=\"fusion-column-wrapper fusion-column-has-shadow fusion-flex-justify-content-flex-start fusion-content-layout-column\"><div class=\"fusion-title title fusion-title-4 fusion-sep-none fusion-title-center fusion-title-text fusion-title-size-one section-title\" style=\"--awb-margin-top-small:10px;--awb-margin-right-small:0px;--awb-margin-bottom-small:10px;--awb-margin-left-small:0px;--awb-font-size:var(--awb-typography2-font-size);\"><h1 class=\"fusion-title-heading title-heading-center\" style=\"font-family:var(--awb-typography2-font-family);font-weight:var(--awb-typography2-font-weight);font-style:var(--awb-typography2-font-style);margin:0;letter-spacing:var(--awb-typography2-letter-spacing);text-transform:var(--awb-typography2-text-transform);font-size:1em;line-height:var(--awb-typography2-line-height);\"><h4 class=\"subtitle\">Rodos Cup 2023<\/h4>\n<h2 class=\"title\">Participants (59)<\/h2><\/h1><\/div>\n<table class=\"styled-table history\">\n<thead>\n<tr>\n<th>Bow<\/th>\n<th>Boat Flag<\/th>\n<th>Yacht Name<\/th>\n<th>Skipper<\/th>\n<th>Class<\/th>\n<\/tr>\n<\/thead>\n<tbody>\n<tr class=\"\">\n<td><\/td>\n<td>GR<\/td>\n<td>ALOYSTINA<\/td>\n<td>Vogiatzis Antonios<\/td>\n<td>IMS<\/td>\n<\/tr>\n<tr class=\"\">\n<td><\/td>\n<td>Turkey<\/td>\n<td>FOX-L<\/td>\n<td>Aliaksandr Racheuski<\/td>\n<td>IRC Racing<\/td>\n<\/tr>\n<tr class=\"\">\n<td><\/td>\n<td>Montenegro<\/td>\n<td>FAVORIT<\/td>\n<td>Maksim Nemchenko<\/td>\n<td>IMS<\/td>\n<\/tr>\n<tr class=\"\">\n<td><\/td>\n<td>Turkey<\/td>\n<td>Liquid sky<\/td>\n<td>Kaan G\u00fcng\u00f6r<\/td>\n<td>IRC Racing<\/td>\n<\/tr>\n<tr class=\"\">\n<td><\/td>\n<td>Turkey<\/td>\n<td>Lastochka<\/td>\n<td>Valerii Grygoriev<\/td>\n<td>IRC Racing<\/td>\n<\/tr>\n<tr class=\"\">\n<td><\/td>\n<td>Greece<\/td>\n<td>VIRA<\/td>\n<td>Oleg Igoshev<\/td>\n<td>Cruising<\/td>\n<\/tr>\n<tr class=\"\">\n<td><\/td>\n<td>Arm<\/td>\n<td>X-Prime<\/td>\n<td>Vartan Arutyunyan<\/td>\n<td>IRC Racing<\/td>\n<\/tr>\n<tr class=\"\">\n<td><\/td>\n<td>HOLLAND<\/td>\n<td>SINVERGURNZA 2<\/td>\n<td>VOLODYMYR MUSATOV<\/td>\n<td>IRC Racing<\/td>\n<\/tr>\n<tr class=\"\">\n<td><\/td>\n<td>TURKIYE<\/td>\n<td>IMAGINE<\/td>\n<td>ZAFER OZNUR<\/td>\n<td>IRC Cruising<\/td>\n<\/tr>\n<tr class=\"\">\n<td><\/td>\n<td>Polland<\/td>\n<td>Sail La Vie<\/td>\n<td>Dmitrii Narozhenko<\/td>\n<td>IRC Racing<\/td>\n<\/tr>\n<tr class=\"\">\n<td><\/td>\n<td>Turkey<\/td>\n<td>Take Wind<\/td>\n<td>Andrey Ukhin<\/td>\n<td>Cruising<\/td>\n<\/tr>\n<tr class=\"\">\n<td><\/td>\n<td>SIERA LEONE<\/td>\n<td>PERSEY<\/td>\n<td>SERGEY POTAPKIN<\/td>\n<td>Cruising<\/td>\n<\/tr>\n<tr class=\"\">\n<td><\/td>\n<td>TURKEY<\/td>\n<td>WIND RIDER<\/td>\n<td>EROL ALGUL<\/td>\n<td>IMS<\/td>\n<\/tr>\n<tr class=\"\">\n<td><\/td>\n<td>Turkish<\/td>\n<td>Zamazingo<\/td>\n<td>Halil Dogan Guzelis<\/td>\n<td>IRC Racing<\/td>\n<\/tr>\n<tr class=\"\">\n<td><\/td>\n<td>Turkey<\/td>\n<td>VMG YELKEN<\/td>\n<td>Dogukan Kandemir<\/td>\n<td>IRC Racing<\/td>\n<\/tr>\n<tr class=\"\">\n<td><\/td>\n<td>GR<\/td>\n<td>Apollon<\/td>\n<td>SOTIRIS TSIMETAS<\/td>\n<td>IMS<\/td>\n<\/tr>\n<tr class=\"\">\n<td><\/td>\n<td>Italy<\/td>\n<td>Russes<\/td>\n<td>Eydlin Evgeny<\/td>\n<td>IRC Racing<\/td>\n<\/tr>\n<tr class=\"\">\n<td><\/td>\n<td>CYPRUS<\/td>\n<td>ALMIRA<\/td>\n<td>ADONIS KALOPETRIDES<\/td>\n<td>IMS<\/td>\n<\/tr>\n<tr class=\"\">\n<td><\/td>\n<td>CYPRUS<\/td>\n<td>VELOCE 2<\/td>\n<td>Panayiotis Petrou<\/td>\n<td>IMS<\/td>\n<\/tr>\n<tr class=\"\">\n<td><\/td>\n<td>UK<\/td>\n<td>VALKYRIE<\/td>\n<td>Kirill Shein<\/td>\n<td>IMS<\/td>\n<\/tr>\n<tr class=\"\">\n<td><\/td>\n<td>Sweden<\/td>\n<td>Seven Seas<\/td>\n<td>Andrii Brus<\/td>\n<td>Cruising<\/td>\n<\/tr>\n<tr class=\"\">\n<td><\/td>\n<td>Greek<\/td>\n<td>Mousmoulo<\/td>\n<td>Nikolaos Koumnakis<\/td>\n<td>IMS<\/td>\n<\/tr>\n<tr class=\"\">\n<td><\/td>\n<td>Greek<\/td>\n<td>Aurora<\/td>\n<td>Ioannis Pikis<\/td>\n<td>Cruising<\/td>\n<\/tr>\n<tr class=\"\">\n<td><\/td>\n<td>GRE<\/td>\n<td>BLUE SHARK<\/td>\n<td>EMMANUEL SPYRIDIS<\/td>\n<td>IMS<\/td>\n<\/tr>\n<tr class=\"\">\n<td><\/td>\n<td>Georgia<\/td>\n<td>WIND CATCHER<\/td>\n<td>FIRSOV YURY<\/td>\n<td>IRC Racing<\/td>\n<\/tr>\n<tr class=\"\">\n<td><\/td>\n<td>Turkey<\/td>\n<td>Baba Yaga<\/td>\n<td>ANDREY GOROVTSOV<\/td>\n<td>Cruising<\/td>\n<\/tr>\n<tr class=\"\">\n<td><\/td>\n<td>GRE<\/td>\n<td>APOLLON WHITE<\/td>\n<td>KYRIAKOS SALACHOURIS<\/td>\n<td>IMS<\/td>\n<\/tr>\n<tr class=\"\">\n<td><\/td>\n<td>GRE2073<\/td>\n<td>SUNNY<\/td>\n<td>NIKOLAOS CHATZIIMITRIOU<\/td>\n<td>IMS<\/td>\n<\/tr>\n<tr class=\"\">\n<td><\/td>\n<td>Turkiye<\/td>\n<td>Yedi\u00e7eriler<\/td>\n<td>VAROL HIDIR<\/td>\n<td>IRC Racing<\/td>\n<\/tr>\n<tr class=\"\">\n<td><\/td>\n<td>Turkish<\/td>\n<td>Pearl M<\/td>\n<td>Sekip Kazim Celik<\/td>\n<td>Cruising<\/td>\n<\/tr>\n<tr class=\"\">\n<td><\/td>\n<td>Poland<\/td>\n<td>Hunter Man<\/td>\n<td>Stanislav Romaniuk<\/td>\n<td>IMS<\/td>\n<\/tr>\n<tr class=\"\">\n<td><\/td>\n<td>Turkish<\/td>\n<td>Ekinoks<\/td>\n<td>Tolga Vidinlisan<\/td>\n<td>IMS<\/td>\n<\/tr>\n<tr class=\"\">\n<td><\/td>\n<td>GREEK<\/td>\n<td>ARMIDA<\/td>\n<td>GEORGIOS MICHALAKIS<\/td>\n<td>IMS<\/td>\n<\/tr>\n<tr class=\"\">\n<td><\/td>\n<td>T\u00dcRKIYE<\/td>\n<td>ADA 3<\/td>\n<td>VEDAT ALTAN<\/td>\n<td>IRC Cruising<\/td>\n<\/tr>\n<tr class=\"\">\n<td><\/td>\n<td>TURKEY<\/td>\n<td>MY FIRST<\/td>\n<td>BATUHAN MALKOC<\/td>\n<td>Cruising<\/td>\n<\/tr>\n<tr class=\"\">\n<td><\/td>\n<td>TURKEY<\/td>\n<td>SOPRANO<\/td>\n<td>M. Burhanettin Aydogan<\/td>\n<td>IRC Cruising<\/td>\n<\/tr>\n<tr class=\"\">\n<td><\/td>\n<td>Dominican Republic<\/td>\n<td>Heaven Can Wait 3<\/td>\n<td>Roman Gorev<\/td>\n<td>IRC Cruising<\/td>\n<\/tr>\n<tr class=\"\">\n<td><\/td>\n<td>GRE<\/td>\n<td>Estella<\/td>\n<td>IMSIRIDIS KONSTANTINOS<\/td>\n<td>IMS<\/td>\n<\/tr>\n<tr class=\"\">\n<td><\/td>\n<td>TR<\/td>\n<td>Mir<\/td>\n<td>Arif Ye\u015filtepe<\/td>\n<td>Cruising<\/td>\n<\/tr>\n<tr class=\"\">\n<td><\/td>\n<td>Turkish<\/td>\n<td>WINDWALKER<\/td>\n<td>O\u011fuz Erdem G\u00dcNG\u00d6R<\/td>\n<td>IRC Cruising<\/td>\n<\/tr>\n<tr class=\"\">\n<td><\/td>\n<td>Turkey<\/td>\n<td>Enchantment of Sakhalin<\/td>\n<td>Oleg Nikolaychuk<\/td>\n<td>IRC Cruising<\/td>\n<\/tr>\n<tr class=\"\">\n<td><\/td>\n<td>Polish<\/td>\n<td>Ciurrier Du Coeur<\/td>\n<td>Natalia Levitskiy<\/td>\n<td>IRC Racing<\/td>\n<\/tr>\n<tr class=\"\">\n<td><\/td>\n<td>Turkey<\/td>\n<td>Zuzu<\/td>\n<td>Nevin Ciragan<\/td>\n<td>Cruising<\/td>\n<\/tr>\n<tr class=\"\">\n<td><\/td>\n<td>Turkish<\/td>\n<td>Aura 1<\/td>\n<td>AYDIN BASYURT<\/td>\n<td>Cruising<\/td>\n<\/tr>\n<tr class=\"\">\n<td><\/td>\n<td>Turkish<\/td>\n<td>Zoso<\/td>\n<td>Ekber Levent<\/td>\n<td>IRC Cruising<\/td>\n<\/tr>\n<tr class=\"\">\n<td><\/td>\n<td>TURKISH<\/td>\n<td>LADY SOLLARE<\/td>\n<td>Marian Tita<\/td>\n<td>IRC Cruising<\/td>\n<\/tr>\n<tr class=\"\">\n<td><\/td>\n<td>TURKEY<\/td>\n<td>SYMYRNA 2<\/td>\n<td>VEDAT ALTAN<\/td>\n<td>IRC Cruising<\/td>\n<\/tr>\n<tr class=\"\">\n<td><\/td>\n<td>Bulgarian<\/td>\n<td>Raffica<\/td>\n<td>Dobrin Todorov Enchev<\/td>\n<td>IMS<\/td>\n<\/tr>\n<tr class=\"\">\n<td><\/td>\n<td>Greece<\/td>\n<td>Volantis 9<\/td>\n<td>Vitalie Bumbu<\/td>\n<td>Cruising<\/td>\n<\/tr>\n<tr class=\"\">\n<td><\/td>\n<td>Polish<\/td>\n<td>Jasmine<\/td>\n<td>Emmanouil Zannakis<\/td>\n<td>Cruising<\/td>\n<\/tr>\n<tr class=\"\">\n<td><\/td>\n<td>BVI<\/td>\n<td>Hang Loose<\/td>\n<td>Yulia Ramazanova<\/td>\n<td>Cruising<\/td>\n<\/tr>\n<tr class=\"\">\n<td><\/td>\n<td>GRE<\/td>\n<td>Maria Electra<\/td>\n<td>Sotiris Katsaras<\/td>\n<td>IMS<\/td>\n<\/tr>\n<tr class=\"\">\n<td><\/td>\n<td>TURKEY<\/td>\n<td>BOOMERANG<\/td>\n<td>A.SERDAR \u015eAH\u0130N<\/td>\n<td>IRC Racing<\/td>\n<\/tr>\n<tr class=\"\">\n<td><\/td>\n<td>GREEK<\/td>\n<td>PANORMITIS<\/td>\n<td>STAMATIOS STAVRAS<\/td>\n<td>IMS<\/td>\n<\/tr>\n<tr class=\"\">\n<td><\/td>\n<td>Turkey<\/td>\n<td>Kia Ora<\/td>\n<td>Zafer \u00d6znur<\/td>\n<td>IRC Cruising<\/td>\n<\/tr>\n<tr class=\"\">\n<td><\/td>\n<td>GREECE<\/td>\n<td>CAPTAIN SPARROW<\/td>\n<td>STAVRAS SOTIRIS<\/td>\n<td>IMS<\/td>\n<\/tr>\n<tr class=\"\">\n<td><\/td>\n<td>TUR<\/td>\n<td>TODAY<\/td>\n<td>\u00d6ZCAN AK\u00c7A\u011eLAYAN<\/td>\n<td>IRC Cruising<\/td>\n<\/tr>\n<tr class=\"\">\n<td><\/td>\n<td>Italy<\/td>\n<td>MAMMANINY2<\/td>\n<td>Roberto Lassandro<\/td>\n<td>Cruising<\/td>\n<\/tr>\n<tr class=\"\">\n<td><\/td>\n<td>Turkish<\/td>\n<td>Blues<\/td>\n<td>Sigi Moors<\/td>\n<td>Cruising<\/td>\n<\/tr>\n<\/tbody>\n<\/table>\n<script>jQuery(document).ready(function(){\n    jQuery('.styled-table tbody tr').on('mouseenter', function(){\n      jQuery(this).addClass('active-row');\n    });\n    jQuery('.styled-table tbody tr').on('mouseleave', function(){\n      jQuery(this).removeClass('active-row');\n    });\n  });\n<\/script><\/div><\/div><\/div><\/div><\/p>\n","protected":false},"excerpt":{"rendered":"","protected":false},"author":2,"featured_media":0,"parent":826,"menu_order":0,"comment_status":"closed","ping_status":"closed","template":"100-width.php","meta":{"_acf_changed":false,"footnotes":""},"class_list":["post-884","page","type-page","status-publish","hentry"],"acf":[],"yoast_head":"<!-- This site is optimized with the Yoast SEO plugin v27.3 - https:\/\/yoast.com\/product\/yoast-seo-wordpress\/ -->\n<title>Rodos Cup 2023 - rodoscup.gr<\/title>\n<meta name=\"robots\" content=\"index, follow, max-snippet:-1, max-image-preview:large, max-video-preview:-1\" \/>\n<link rel=\"canonical\" href=\"https:\/\/www.rodoscup.gr\/en\/history\/rodos-cup-2023\/\" \/>\n<meta property=\"og:locale\" content=\"en_US\" \/>\n<meta property=\"og:type\" content=\"article\" \/>\n<meta property=\"og:title\" content=\"Rodos Cup 2023 - rodoscup.gr\" \/>\n<meta property=\"og:url\" content=\"https:\/\/www.rodoscup.gr\/en\/history\/rodos-cup-2023\/\" \/>\n<meta property=\"og:site_name\" content=\"rodoscup.gr\" \/>\n<meta property=\"article:modified_time\" content=\"2025-05-09T18:08:08+00:00\" \/>\n<meta name=\"twitter:card\" content=\"summary_large_image\" \/>\n<meta name=\"twitter:label1\" content=\"Est. reading time\" \/>\n\t<meta name=\"twitter:data1\" content=\"23 minutes\" \/>\n<script type=\"application\/ld+json\" class=\"yoast-schema-graph\">{\"@context\":\"https:\\\/\\\/schema.org\",\"@graph\":[{\"@type\":\"WebPage\",\"@id\":\"https:\\\/\\\/www.rodoscup.gr\\\/en\\\/history\\\/rodos-cup-2023\\\/\",\"url\":\"https:\\\/\\\/www.rodoscup.gr\\\/en\\\/history\\\/rodos-cup-2023\\\/\",\"name\":\"Rodos Cup 2023 - rodoscup.gr\",\"isPartOf\":{\"@id\":\"https:\\\/\\\/www.rodoscup.gr\\\/en\\\/#website\"},\"datePublished\":\"2025-05-06T16:29:14+00:00\",\"dateModified\":\"2025-05-09T18:08:08+00:00\",\"breadcrumb\":{\"@id\":\"https:\\\/\\\/www.rodoscup.gr\\\/en\\\/history\\\/rodos-cup-2023\\\/#breadcrumb\"},\"inLanguage\":\"en-US\",\"potentialAction\":[{\"@type\":\"ReadAction\",\"target\":[\"https:\\\/\\\/www.rodoscup.gr\\\/en\\\/history\\\/rodos-cup-2023\\\/\"]}]},{\"@type\":\"BreadcrumbList\",\"@id\":\"https:\\\/\\\/www.rodoscup.gr\\\/en\\\/history\\\/rodos-cup-2023\\\/#breadcrumb\",\"itemListElement\":[{\"@type\":\"ListItem\",\"position\":1,\"name\":\"Home\",\"item\":\"https:\\\/\\\/www.rodoscup.gr\\\/en\\\/home\\\/\"},{\"@type\":\"ListItem\",\"position\":2,\"name\":\"History\",\"item\":\"https:\\\/\\\/www.rodoscup.gr\\\/en\\\/history\\\/\"},{\"@type\":\"ListItem\",\"position\":3,\"name\":\"Rodos Cup 2023\"}]},{\"@type\":\"WebSite\",\"@id\":\"https:\\\/\\\/www.rodoscup.gr\\\/en\\\/#website\",\"url\":\"https:\\\/\\\/www.rodoscup.gr\\\/en\\\/\",\"name\":\"rodoscup.gr\",\"description\":\"\",\"potentialAction\":[{\"@type\":\"SearchAction\",\"target\":{\"@type\":\"EntryPoint\",\"urlTemplate\":\"https:\\\/\\\/www.rodoscup.gr\\\/en\\\/?s={search_term_string}\"},\"query-input\":{\"@type\":\"PropertyValueSpecification\",\"valueRequired\":true,\"valueName\":\"search_term_string\"}}],\"inLanguage\":\"en-US\"}]}<\/script>\n<!-- \/ Yoast SEO plugin. -->","yoast_head_json":{"title":"Rodos Cup 2023 - rodoscup.gr","robots":{"index":"index","follow":"follow","max-snippet":"max-snippet:-1","max-image-preview":"max-image-preview:large","max-video-preview":"max-video-preview:-1"},"canonical":"https:\/\/www.rodoscup.gr\/en\/history\/rodos-cup-2023\/","og_locale":"en_US","og_type":"article","og_title":"Rodos Cup 2023 - rodoscup.gr","og_url":"https:\/\/www.rodoscup.gr\/en\/history\/rodos-cup-2023\/","og_site_name":"rodoscup.gr","article_modified_time":"2025-05-09T18:08:08+00:00","twitter_card":"summary_large_image","twitter_misc":{"Est. reading time":"23 minutes"},"schema":{"@context":"https:\/\/schema.org","@graph":[{"@type":"WebPage","@id":"https:\/\/www.rodoscup.gr\/en\/history\/rodos-cup-2023\/","url":"https:\/\/www.rodoscup.gr\/en\/history\/rodos-cup-2023\/","name":"Rodos Cup 2023 - rodoscup.gr","isPartOf":{"@id":"https:\/\/www.rodoscup.gr\/en\/#website"},"datePublished":"2025-05-06T16:29:14+00:00","dateModified":"2025-05-09T18:08:08+00:00","breadcrumb":{"@id":"https:\/\/www.rodoscup.gr\/en\/history\/rodos-cup-2023\/#breadcrumb"},"inLanguage":"en-US","potentialAction":[{"@type":"ReadAction","target":["https:\/\/www.rodoscup.gr\/en\/history\/rodos-cup-2023\/"]}]},{"@type":"BreadcrumbList","@id":"https:\/\/www.rodoscup.gr\/en\/history\/rodos-cup-2023\/#breadcrumb","itemListElement":[{"@type":"ListItem","position":1,"name":"Home","item":"https:\/\/www.rodoscup.gr\/en\/home\/"},{"@type":"ListItem","position":2,"name":"History","item":"https:\/\/www.rodoscup.gr\/en\/history\/"},{"@type":"ListItem","position":3,"name":"Rodos Cup 2023"}]},{"@type":"WebSite","@id":"https:\/\/www.rodoscup.gr\/en\/#website","url":"https:\/\/www.rodoscup.gr\/en\/","name":"rodoscup.gr","description":"","potentialAction":[{"@type":"SearchAction","target":{"@type":"EntryPoint","urlTemplate":"https:\/\/www.rodoscup.gr\/en\/?s={search_term_string}"},"query-input":{"@type":"PropertyValueSpecification","valueRequired":true,"valueName":"search_term_string"}}],"inLanguage":"en-US"}]}},"_links":{"self":[{"href":"https:\/\/www.rodoscup.gr\/en\/wp-json\/wp\/v2\/pages\/884","targetHints":{"allow":["GET"]}}],"collection":[{"href":"https:\/\/www.rodoscup.gr\/en\/wp-json\/wp\/v2\/pages"}],"about":[{"href":"https:\/\/www.rodoscup.gr\/en\/wp-json\/wp\/v2\/types\/page"}],"author":[{"embeddable":true,"href":"https:\/\/www.rodoscup.gr\/en\/wp-json\/wp\/v2\/users\/2"}],"replies":[{"embeddable":true,"href":"https:\/\/www.rodoscup.gr\/en\/wp-json\/wp\/v2\/comments?post=884"}],"version-history":[{"count":3,"href":"https:\/\/www.rodoscup.gr\/en\/wp-json\/wp\/v2\/pages\/884\/revisions"}],"predecessor-version":[{"id":887,"href":"https:\/\/www.rodoscup.gr\/en\/wp-json\/wp\/v2\/pages\/884\/revisions\/887"}],"up":[{"embeddable":true,"href":"https:\/\/www.rodoscup.gr\/en\/wp-json\/wp\/v2\/pages\/826"}],"wp:attachment":[{"href":"https:\/\/www.rodoscup.gr\/en\/wp-json\/wp\/v2\/media?parent=884"}],"curies":[{"name":"wp","href":"https:\/\/api.w.org\/{rel}","templated":true}]}}