{"id":1234,"date":"2025-05-11T09:12:47","date_gmt":"2025-05-11T06:12:47","guid":{"rendered":"https:\/\/www.rodoscup.gr\/history\/rodos-cup-2024\/"},"modified":"2026-01-25T17:14:17","modified_gmt":"2026-01-25T14:14:17","slug":"rodos-cup-2024","status":"publish","type":"page","link":"https:\/\/www.rodoscup.gr\/en\/history\/rodos-cup-2024\/","title":{"rendered":"Rodos Cup 2024"},"content":{"rendered":"<p><div class=\"fusion-fullwidth fullwidth-box fusion-builder-row-1 fusion-flex-container has-pattern-background has-mask-background nonhundred-percent-fullwidth non-hundred-percent-height-scrolling\" style=\"--awb-border-radius-top-left:0px;--awb-border-radius-top-right:0px;--awb-border-radius-bottom-right:0px;--awb-border-radius-bottom-left:0px;--awb-background-color:var(--awb-custom_color_1);--awb-flex-wrap:wrap;\" ><div class=\"fusion-builder-row fusion-row fusion-flex-align-items-flex-start fusion-flex-content-wrap\" style=\"max-width:1456px;margin-left: calc(-4% \/ 2 );margin-right: calc(-4% \/ 2 );\"><div class=\"fusion-layout-column fusion_builder_column fusion-builder-column-0 fusion_builder_column_1_2 1_2 fusion-flex-column\" style=\"--awb-bg-size:cover;--awb-width-large:50%;--awb-margin-top-large:0px;--awb-spacing-right-large:3.84%;--awb-margin-bottom-large:20px;--awb-spacing-left-large:3.84%;--awb-width-medium:50%;--awb-order-medium:0;--awb-spacing-right-medium:3.84%;--awb-spacing-left-medium:3.84%;--awb-width-small:100%;--awb-order-small:0;--awb-spacing-right-small:1.92%;--awb-spacing-left-small:1.92%;\"><div class=\"fusion-column-wrapper fusion-column-has-shadow fusion-flex-justify-content-flex-start fusion-content-layout-column\"><div class=\"fusion-title title fusion-title-1 fusion-sep-none fusion-title-center fusion-title-text fusion-title-size-one section-title\" style=\"--awb-margin-top-small:10px;--awb-margin-right-small:0px;--awb-margin-bottom-small:10px;--awb-margin-left-small:0px;--awb-font-size:var(--awb-typography2-font-size);\"><h1 class=\"fusion-title-heading title-heading-center\" style=\"font-family:var(--awb-typography2-font-family);font-weight:var(--awb-typography2-font-weight);font-style:var(--awb-typography2-font-style);margin:0;letter-spacing:var(--awb-typography2-letter-spacing);text-transform:var(--awb-typography2-text-transform);font-size:1em;line-height:var(--awb-typography2-line-height);\"><h4 class=\"subtitle\">Rodos Cup 2024<\/h4>\n<h2 class=\"title\">The Route<\/h2><\/h1><\/div><div class=\"fusion-image-element \" style=\"text-align:center;--awb-max-width:500px;--awb-caption-title-font-family:var(--h2_typography-font-family);--awb-caption-title-font-weight:var(--h2_typography-font-weight);--awb-caption-title-font-style:var(--h2_typography-font-style);--awb-caption-title-size:var(--h2_typography-font-size);--awb-caption-title-transform:var(--h2_typography-text-transform);--awb-caption-title-line-height:var(--h2_typography-line-height);--awb-caption-title-letter-spacing:var(--h2_typography-letter-spacing);\"><span class=\" fusion-imageframe imageframe-none imageframe-1 hover-type-none fusion-animated\" data-animationType=\"flipiny\" data-animationDuration=\"1.3\" data-animationOffset=\"top-into-view\"><img decoding=\"async\" width=\"1200\" height=\"1289\" title=\"rc2024-map-route\" src=\"https:\/\/www.rodoscup.gr\/wp-content\/uploads\/2025\/05\/rc2024-map-route.png\" alt class=\"img-responsive wp-image-1221\" srcset=\"https:\/\/www.rodoscup.gr\/wp-content\/uploads\/2025\/05\/rc2024-map-route-200x215.png 200w, https:\/\/www.rodoscup.gr\/wp-content\/uploads\/2025\/05\/rc2024-map-route-400x430.png 400w, https:\/\/www.rodoscup.gr\/wp-content\/uploads\/2025\/05\/rc2024-map-route-600x645.png 600w, https:\/\/www.rodoscup.gr\/wp-content\/uploads\/2025\/05\/rc2024-map-route-800x859.png 800w, https:\/\/www.rodoscup.gr\/wp-content\/uploads\/2025\/05\/rc2024-map-route.png 1200w\" sizes=\"(max-width: 640px) 100vw, 800px\" \/><\/span><\/div><\/div><\/div><div class=\"fusion-layout-column fusion_builder_column fusion-builder-column-1 fusion_builder_column_2_5 2_5 fusion-flex-column fusion-flex-align-self-center\" style=\"--awb-bg-size:cover;--awb-width-large:40%;--awb-margin-top-large:0px;--awb-spacing-right-large:4.8%;--awb-margin-bottom-large:20px;--awb-spacing-left-large:4.8%;--awb-width-medium:40%;--awb-order-medium:0;--awb-spacing-right-medium:4.8%;--awb-spacing-left-medium:4.8%;--awb-width-small:100%;--awb-order-small:0;--awb-spacing-right-small:1.92%;--awb-spacing-left-small:1.92%;\" data-scroll-devices=\"small-visibility,medium-visibility,large-visibility\"><div class=\"fusion-column-wrapper fusion-column-has-shadow fusion-flex-justify-content-center fusion-content-layout-column\"><div class=\"fusion-title title fusion-title-2 fusion-sep-none fusion-title-center fusion-title-text fusion-title-size-one section-title\" style=\"--awb-margin-top-small:10px;--awb-margin-right-small:0px;--awb-margin-bottom-small:10px;--awb-margin-left-small:0px;--awb-font-size:var(--awb-typography2-font-size);\"><h1 class=\"fusion-title-heading title-heading-center\" style=\"font-family:var(--awb-typography2-font-family);font-weight:var(--awb-typography2-font-weight);font-style:var(--awb-typography2-font-style);margin:0;letter-spacing:var(--awb-typography2-letter-spacing);text-transform:var(--awb-typography2-text-transform);font-size:1em;line-height:var(--awb-typography2-line-height);\"><h4 class=\"subtitle\">Rodos Cup 2024<\/h4>\n<h2 class=\"title\">Schedule<\/h2><\/h1><\/div><div class=\"fusion-text fusion-text-1 fusion-animated\" style=\"--awb-content-alignment:center;--awb-font-size:18px;--awb-line-height:var(--awb-typography4-line-height);--awb-letter-spacing:var(--awb-typography4-letter-spacing);--awb-text-transform:var(--awb-typography4-text-transform);--awb-text-font-family:var(--awb-typography4-font-family);--awb-text-font-weight:var(--awb-typography4-font-weight);--awb-text-font-style:var(--awb-typography4-font-style);\" data-animationType=\"slideShortInRight\" data-animationDuration=\"0.7\" data-animationOffset=\"top-into-view\"><p><strong>Sunday, 21\/7\/2024, Marina of Kos<\/strong><\/p>\n<p>Entries<\/p>\n<p>Opening Ceremony<\/p>\n<p><strong>Monday, 22\/7\/2024<\/strong><\/p>\n<p>1st Race: Kos \u2013Kalymnos<\/p>\n<p><strong>Tuesday, 23\/7\/2024<\/strong><\/p>\n<p>2nd Race: Kalymnos \u2013Tilos<\/p>\n<p><strong>Wednesday, 24\/7\/2024<\/strong><\/p>\n<p>Free day in Tilos<\/p>\n<p><strong>Thursday, 25\/7\/2024<\/strong><\/p>\n<p>3rd Race: Tilos\u2013Simi<\/p>\n<p><strong>Friday, 26\/7\/2024<\/strong><\/p>\n<p>4th Race: Simi \u2013Rhodes<\/p>\n<p>Closing ceremony<\/p>\n<\/div><\/div><\/div><\/div><\/div><div class=\"fusion-fullwidth fullwidth-box fusion-builder-row-2 fusion-flex-container has-pattern-background has-mask-background nonhundred-percent-fullwidth non-hundred-percent-height-scrolling\" style=\"--awb-border-radius-top-left:0px;--awb-border-radius-top-right:0px;--awb-border-radius-bottom-right:0px;--awb-border-radius-bottom-left:0px;--awb-padding-top:50px;--awb-padding-bottom:50px;--awb-background-color:var(--awb-custom_color_1);--awb-flex-wrap:wrap;\" ><div class=\"fusion-builder-row fusion-row fusion-flex-align-items-flex-start fusion-flex-content-wrap\" style=\"max-width:1456px;margin-left: calc(-4% \/ 2 );margin-right: calc(-4% \/ 2 );\"><div class=\"fusion-layout-column fusion_builder_column fusion-builder-column-2 fusion_builder_column_1_1 1_1 fusion-flex-column\" style=\"--awb-bg-size:cover;--awb-width-large:100%;--awb-margin-top-large:0px;--awb-spacing-right-large:1.92%;--awb-margin-bottom-large:20px;--awb-spacing-left-large:1.92%;--awb-width-medium:100%;--awb-order-medium:0;--awb-spacing-right-medium:1.92%;--awb-spacing-left-medium:1.92%;--awb-width-small:100%;--awb-order-small:0;--awb-spacing-right-small:1.92%;--awb-spacing-left-small:1.92%;\"><div class=\"fusion-column-wrapper fusion-column-has-shadow fusion-flex-justify-content-flex-start fusion-content-layout-column\"><div class=\"fusion-title title fusion-title-3 fusion-sep-none fusion-title-center fusion-title-text fusion-title-size-one section-title\" style=\"--awb-margin-top-small:10px;--awb-margin-right-small:0px;--awb-margin-bottom-small:10px;--awb-margin-left-small:0px;--awb-font-size:var(--awb-typography2-font-size);\"><h1 class=\"fusion-title-heading title-heading-center\" style=\"font-family:var(--awb-typography2-font-family);font-weight:var(--awb-typography2-font-weight);font-style:var(--awb-typography2-font-style);margin:0;letter-spacing:var(--awb-typography2-letter-spacing);text-transform:var(--awb-typography2-text-transform);font-size:1em;line-height:var(--awb-typography2-line-height);\"><h4 class=\"subtitle\">Rodos Cup 2024<\/h4>\n<h2 class=\"title\">Annoucement Board<\/h2><\/h1><\/div><div style=\"text-align:center;\"><a class=\"fusion-button button-flat fusion-button-default-size button-default fusion-button-default button-1 fusion-button-default-span fusion-button-default-type\" style=\"--button_text_transform:var(--awb-custom_typography_2-text-transform);--button_font_size:var(--awb-custom_typography_2-font-size);--button_line_height:var(--awb-custom_typography_2-line-height);--button_typography-letter-spacing:var(--awb-custom_typography_2-letter-spacing);--button_typography-font-family:var(--awb-custom_typography_2-font-family);--button_typography-font-weight:var(--awb-custom_typography_2-font-weight);--button_typography-font-style:var(--awb-custom_typography_2-font-style);\" target=\"_self\" href=\"https:\/\/www.racingrulesofsailing.org\/documents\/9085\/event?name=rodos-cup-2024\"><span class=\"fusion-button-text awb-button__text awb-button__text--default\">View the notice board here<\/span><\/a><\/div><\/div><\/div><\/div><\/div><div class=\"fusion-fullwidth fullwidth-box fusion-builder-row-3 fusion-flex-container has-pattern-background has-mask-background nonhundred-percent-fullwidth non-hundred-percent-height-scrolling\" style=\"--awb-border-radius-top-left:0px;--awb-border-radius-top-right:0px;--awb-border-radius-bottom-right:0px;--awb-border-radius-bottom-left:0px;--awb-padding-bottom:50px;--awb-background-color:var(--awb-custom_color_1);--awb-flex-wrap:wrap;\" ><div class=\"fusion-builder-row fusion-row fusion-flex-align-items-flex-start fusion-flex-content-wrap\" style=\"max-width:1456px;margin-left: calc(-4% \/ 2 );margin-right: calc(-4% \/ 2 );\"><div class=\"fusion-layout-column fusion_builder_column fusion-builder-column-3 fusion_builder_column_1_1 1_1 fusion-flex-column\" style=\"--awb-bg-size:cover;--awb-width-large:100%;--awb-margin-top-large:0px;--awb-spacing-right-large:1.92%;--awb-margin-bottom-large:20px;--awb-spacing-left-large:1.92%;--awb-width-medium:100%;--awb-order-medium:0;--awb-spacing-right-medium:1.92%;--awb-spacing-left-medium:1.92%;--awb-width-small:100%;--awb-order-small:0;--awb-spacing-right-small:1.92%;--awb-spacing-left-small:1.92%;\"><div class=\"fusion-column-wrapper fusion-column-has-shadow fusion-flex-justify-content-flex-start fusion-content-layout-column\"><div class=\"fusion-title title fusion-title-4 fusion-sep-none fusion-title-center fusion-title-text fusion-title-size-one section-title\" style=\"--awb-margin-top-small:10px;--awb-margin-right-small:0px;--awb-margin-bottom-small:10px;--awb-margin-left-small:0px;--awb-font-size:var(--awb-typography2-font-size);\"><h1 class=\"fusion-title-heading title-heading-center\" style=\"font-family:var(--awb-typography2-font-family);font-weight:var(--awb-typography2-font-weight);font-style:var(--awb-typography2-font-style);margin:0;letter-spacing:var(--awb-typography2-letter-spacing);text-transform:var(--awb-typography2-text-transform);font-size:1em;line-height:var(--awb-typography2-line-height);\"><h4 class=\"subtitle\">Rodos Cup 2024<\/h4>\n<h2 class=\"title\">Results<\/h2><\/h1><\/div><div style=\"text-align:center;\"><a class=\"fusion-button button-flat fusion-button-default-size button-default fusion-button-default button-2 fusion-button-default-span fusion-button-default-type\" style=\"--button_text_transform:var(--awb-custom_typography_2-text-transform);--button_font_size:var(--awb-custom_typography_2-font-size);--button_line_height:var(--awb-custom_typography_2-line-height);--button_typography-letter-spacing:var(--awb-custom_typography_2-letter-spacing);--button_typography-font-family:var(--awb-custom_typography_2-font-family);--button_typography-font-weight:var(--awb-custom_typography_2-font-weight);--button_typography-font-style:var(--awb-custom_typography_2-font-style);\" target=\"_self\" href=\"https:\/\/data.orc.org\/public\/WEV.dll?action=index&amp;eventid=bxewn\"><span class=\"fusion-button-text awb-button__text awb-button__text--default\">View results here<\/span><\/a><\/div><\/div><\/div><\/div><\/div><div class=\"fusion-fullwidth fullwidth-box fusion-builder-row-4 fusion-flex-container has-pattern-background has-mask-background nonhundred-percent-fullwidth non-hundred-percent-height-scrolling\" style=\"--awb-border-radius-top-left:0px;--awb-border-radius-top-right:0px;--awb-border-radius-bottom-right:0px;--awb-border-radius-bottom-left:0px;--awb-padding-right-small:0px;--awb-padding-left-small:0px;--awb-flex-wrap:wrap;\" ><div class=\"fusion-builder-row fusion-row fusion-flex-align-items-flex-start fusion-flex-content-wrap\" style=\"max-width:1456px;margin-left: calc(-4% \/ 2 );margin-right: calc(-4% \/ 2 );\"><div class=\"fusion-layout-column fusion_builder_column fusion-builder-column-4 fusion_builder_column_1_1 1_1 fusion-flex-column\" style=\"--awb-bg-size:cover;--awb-width-large:100%;--awb-margin-top-large:0px;--awb-spacing-right-large:1.92%;--awb-margin-bottom-large:20px;--awb-spacing-left-large:1.92%;--awb-width-medium:100%;--awb-order-medium:0;--awb-spacing-right-medium:1.92%;--awb-spacing-left-medium:1.92%;--awb-width-small:100%;--awb-order-small:0;--awb-spacing-right-small:1.92%;--awb-spacing-left-small:1.92%;\"><div class=\"fusion-column-wrapper fusion-column-has-shadow fusion-flex-justify-content-flex-start fusion-content-layout-column\"><div class=\"fusion-title title fusion-title-5 fusion-sep-none fusion-title-center fusion-title-text fusion-title-size-one section-title\" style=\"--awb-margin-top-small:10px;--awb-margin-right-small:0px;--awb-margin-bottom-small:10px;--awb-margin-left-small:0px;--awb-font-size:var(--awb-typography2-font-size);\"><h1 class=\"fusion-title-heading title-heading-center\" style=\"font-family:var(--awb-typography2-font-family);font-weight:var(--awb-typography2-font-weight);font-style:var(--awb-typography2-font-style);margin:0;letter-spacing:var(--awb-typography2-letter-spacing);text-transform:var(--awb-typography2-text-transform);font-size:1em;line-height:var(--awb-typography2-line-height);\"><h4 class=\"subtitle\">Rodos Cup 2024<\/h4>\n<h2 class=\"title\">Entries (59)<\/h2><\/h1><\/div>\n<table class=\"styled-table history\">\n<thead>\n<tr>\n<th>Bow<\/th>\n<th>Boat Flag<\/th>\n<th>Yacht Name<\/th>\n<th>Skipper<\/th>\n<th>Class<\/th>\n<\/tr>\n<\/thead>\n<tbody>\n<tr>\n<td><\/td>\n<td>GREEK<\/td>\n<td>PANORMITIS<\/td>\n<td>STAMATIOS STAVRAS<\/td>\n<td>IMS<\/td>\n<\/tr>\n<tr>\n<td><\/td>\n<td>GRE<\/td>\n<td>ALOUSTINA<\/td>\n<td>VOGIATZIS ANTONIOS<\/td>\n<td>IMS<\/td>\n<\/tr>\n<tr>\n<td><\/td>\n<td>Greek<\/td>\n<td>Apollon<\/td>\n<td>Sotiris Tsimetas<\/td>\n<td>IMS<\/td>\n<\/tr>\n<tr>\n<td><\/td>\n<td>Turey<\/td>\n<td>Take Wind<\/td>\n<td>Andrey Ukhin<\/td>\n<td>Cruising<\/td>\n<\/tr>\n<tr>\n<td><\/td>\n<td>MALAYSIA<\/td>\n<td>PERSEY<\/td>\n<td>SERGEY POTAPKIN<\/td>\n<td>Cruising<\/td>\n<\/tr>\n<tr>\n<td><\/td>\n<td>Turkey<\/td>\n<td>Code-Zer0 \/ VMG Yelken<\/td>\n<td>Burak Cora<\/td>\n<td>IRC Racing<\/td>\n<\/tr>\n<tr>\n<td><\/td>\n<td>GREEK<\/td>\n<td>BLUE SHARK<\/td>\n<td>SPYRIDIS MANOLIS<\/td>\n<td>IMS<\/td>\n<\/tr>\n<tr>\n<td><\/td>\n<td>Poland<\/td>\n<td>S\u0130NVERGUENZA 2<\/td>\n<td>Volodymyr Musatov<\/td>\n<td>IRC Racing<\/td>\n<\/tr>\n<tr>\n<td><\/td>\n<td>GREEK<\/td>\n<td>ARMIDA<\/td>\n<td>GEORGIOS MICHALAKIS<\/td>\n<td>IMS<\/td>\n<\/tr>\n<tr>\n<td><\/td>\n<td>Greek<\/td>\n<td>Maria Electra<\/td>\n<td>sotiris katsaras<\/td>\n<td>IMS<\/td>\n<\/tr>\n<tr>\n<td><\/td>\n<td>MNE (Montenegro)<\/td>\n<td>FAVORIT<\/td>\n<td>Maksim Nemchenko<\/td>\n<td>IMS<\/td>\n<\/tr>\n<tr>\n<td><\/td>\n<td>Georgia<\/td>\n<td>GAMMA<\/td>\n<td>FIRSOW DAN||L<\/td>\n<td>IRC Racing<\/td>\n<\/tr>\n<tr>\n<td><\/td>\n<td>\u0395\u03bb\u03bb\u03b7\u03bd\u03b9\u03ba\u03b7<\/td>\n<td>\u039f \u03c0\u03b1\u03bd\u03bf\u03c1\u03bc\u03b9\u03c4\u03b7\u03c2<\/td>\n<td>\u0394\u03bf\u03c5\u03c1\u03b1\u03ba\u03b1\u03c2 \u03a3\u03c9\u03c4\u03b7\u03c1\u03b9\u03bf\u03c2<\/td>\n<td>IMS<\/td>\n<\/tr>\n<tr>\n<td><\/td>\n<td>UK<\/td>\n<td>Wind<\/td>\n<td>Boaz Aviv<\/td>\n<td>IMS<\/td>\n<\/tr>\n<tr>\n<td><\/td>\n<td>UKRAINE<\/td>\n<td>HUNTER MAN<\/td>\n<td>Stanislav Romaniuk<\/td>\n<td>Cruising<\/td>\n<\/tr>\n<tr>\n<td><\/td>\n<td>Turkiye<\/td>\n<td>Vagabond<\/td>\n<td>Halil Ar\u0131kan<\/td>\n<td>IMS<\/td>\n<\/tr>\n<tr>\n<td><\/td>\n<td>Croatia<\/td>\n<td>Sjor<\/td>\n<td>Alexey Zhitkov<\/td>\n<td>IRC Cruising<\/td>\n<\/tr>\n<tr>\n<td><\/td>\n<td>T\u00fcrkiye<\/td>\n<td>WIND RIDER<\/td>\n<td>EROL ALGUL<\/td>\n<td>IMS<\/td>\n<\/tr>\n<tr>\n<td><\/td>\n<td>BVI<\/td>\n<td>Hang Loose<\/td>\n<td>Yulia Ramazanova<\/td>\n<td>Cruising<\/td>\n<\/tr>\n<tr>\n<td><\/td>\n<td>GRE<\/td>\n<td>GORGO<\/td>\n<td>HLIAS KARAMPIS<\/td>\n<td>IMS<\/td>\n<\/tr>\n<tr>\n<td><\/td>\n<td>GEORGIA<\/td>\n<td>STREKOZA<\/td>\n<td>MIKHAIL MISHCHENKO<\/td>\n<td>IRC Racing<\/td>\n<\/tr>\n<tr>\n<td><\/td>\n<td>Turkey<\/td>\n<td>Lady Sollare<\/td>\n<td>Marian Tita<\/td>\n<td>IRC Cruising<\/td>\n<\/tr>\n<tr>\n<td><\/td>\n<td>San Marino<\/td>\n<td>You Too<\/td>\n<td>Ivanov Valerii<\/td>\n<td>IRC Racing<\/td>\n<\/tr>\n<tr>\n<td><\/td>\n<td>Turkey<\/td>\n<td>Enchantment of Sakhalin<\/td>\n<td>Oleg Nikolaychuk<\/td>\n<td>IRC Cruising<\/td>\n<\/tr>\n<tr>\n<td><\/td>\n<td>Greek<\/td>\n<td>Mousmoulo<\/td>\n<td>Nikos Koumnakis<\/td>\n<td>IMS<\/td>\n<\/tr>\n<tr>\n<td><\/td>\n<td>Greece<\/td>\n<td>AURORA<\/td>\n<td>Noam Cohen<\/td>\n<td>IRC Racing<\/td>\n<\/tr>\n<tr>\n<td><\/td>\n<td>TURKEY<\/td>\n<td>OLIMPOS<\/td>\n<td>Tahir Ertug Gungor<\/td>\n<td>IRC Racing<\/td>\n<\/tr>\n<tr>\n<td><\/td>\n<td>Turkey<\/td>\n<td>MAD X<\/td>\n<td>Roman Gorev<\/td>\n<td>IRC Cruising<\/td>\n<\/tr>\n<tr>\n<td><\/td>\n<td>San Marino<\/td>\n<td>Ivana<\/td>\n<td>Aleksei Brunov<\/td>\n<td>IRC Racing<\/td>\n<\/tr>\n<tr>\n<td><\/td>\n<td>Greek<\/td>\n<td>Kalimera<\/td>\n<td>Kladogeni Maria<\/td>\n<td>IMS<\/td>\n<\/tr>\n<tr>\n<td><\/td>\n<td>Uk<\/td>\n<td>Storm<\/td>\n<td>Easy swissa<\/td>\n<td>IRC Racing<\/td>\n<\/tr>\n<tr>\n<td><\/td>\n<td>GRE2073<\/td>\n<td>SUNNY<\/td>\n<td>NIKOLAOS CHATZIDIMITRIOU<\/td>\n<td>IMS<\/td>\n<\/tr>\n<tr>\n<td><\/td>\n<td>Latvia<\/td>\n<td>Parma<\/td>\n<td>Evgenii Gulin<\/td>\n<td>IRC Racing<\/td>\n<\/tr>\n<tr>\n<td><\/td>\n<td>Polish<\/td>\n<td>Courrier du Coeur<\/td>\n<td>Arbuzov Andrei<\/td>\n<td>IRC Racing<\/td>\n<\/tr>\n<tr>\n<td><\/td>\n<td>Israel<\/td>\n<td>Julietta<\/td>\n<td>Gal Cohen<\/td>\n<td>IMS<\/td>\n<\/tr>\n<tr>\n<td><\/td>\n<td>Poland<\/td>\n<td>Black Eagle<\/td>\n<td>Yury Shatskiy<\/td>\n<td>Cruising<\/td>\n<\/tr>\n<tr>\n<td><\/td>\n<td>GRE<\/td>\n<td>CAPTAIN SPARROW<\/td>\n<td>SOTIRIOS STAVRAS<\/td>\n<td>IMS<\/td>\n<\/tr>\n<tr>\n<td><\/td>\n<td>turkey<\/td>\n<td>jazz<\/td>\n<td>UGUR KAYRAN<\/td>\n<td>IRC Cruising<\/td>\n<\/tr>\n<tr>\n<td><\/td>\n<td>TURKEY<\/td>\n<td>SAILING LIFE<\/td>\n<td>EROL ALGUL<\/td>\n<td>Cruising<\/td>\n<\/tr>\n<tr>\n<td><\/td>\n<td>Turkiye<\/td>\n<td>Aurora X<\/td>\n<td>Burak Algon<\/td>\n<td>IRC Racing<\/td>\n<\/tr>\n<tr>\n<td><\/td>\n<td>Greece<\/td>\n<td>ESTELLA<\/td>\n<td>Salaxouris Kyriakos<\/td>\n<td>IMS<\/td>\n<\/tr>\n<tr>\n<td><\/td>\n<td>San Marino<\/td>\n<td>YouToo<\/td>\n<td>Valerii Ivanov<\/td>\n<td>IRC Racing<\/td>\n<\/tr>\n<tr>\n<td><\/td>\n<td>Turkish<\/td>\n<td>Aura 1<\/td>\n<td>Aydin Basyurt<\/td>\n<td>Cruising<\/td>\n<\/tr>\n<tr>\n<td><\/td>\n<td>Turkish<\/td>\n<td>Windwalker<\/td>\n<td>Kubilay Tun\u00e7 \/ O\u011fuz Erdem G\u00fcng\u00f6r<\/td>\n<td>IRC Cruising<\/td>\n<\/tr>\n<tr>\n<td><\/td>\n<td>England<\/td>\n<td>Meow<\/td>\n<td>Melis Basman<\/td>\n<td>Cruising<\/td>\n<\/tr>\n<tr>\n<td><\/td>\n<td>Turkish<\/td>\n<td>Ada Sailor<\/td>\n<td>Ali \u00d6zt\u00fcrk<\/td>\n<td>IRC Racing<\/td>\n<\/tr>\n<tr>\n<td><\/td>\n<td>T\u00fcrkiye<\/td>\n<td>Kia Ora<\/td>\n<td>Zafer \u00d6znur<\/td>\n<td>IRC Cruising<\/td>\n<\/tr>\n<tr>\n<td><\/td>\n<td>Turkey<\/td>\n<td>Blues<\/td>\n<td>Sigi Moors<\/td>\n<td>Cruising<\/td>\n<\/tr>\n<tr>\n<td><\/td>\n<td>Greece<\/td>\n<td>Aurelia<\/td>\n<td>Oleg Igoshev<\/td>\n<td>Cruising<\/td>\n<\/tr>\n<tr>\n<td><\/td>\n<td>UKR<\/td>\n<td>Omani Rave\u2019\u2019n\u2019\u2019Sail<\/td>\n<td>Tunca \u00e7al\u0131\u015fkan<\/td>\n<td>IRC Racing<\/td>\n<\/tr>\n<tr>\n<td><\/td>\n<td>Turkish<\/td>\n<td>Ada3<\/td>\n<td>\u0130smail Mert Kural<\/td>\n<td>Cruising<\/td>\n<\/tr>\n<tr>\n<td><\/td>\n<td>Bulgaria<\/td>\n<td>Raffica<\/td>\n<td>Nencho Krasimirov Anastasov<\/td>\n<td>IMS<\/td>\n<\/tr>\n<\/tbody>\n<\/table>\n<script>jQuery(document).ready(function(){\n    jQuery('.styled-table tbody tr').on('mouseenter', function(){\n      jQuery(this).addClass('active-row');\n    });\n    jQuery('.styled-table tbody tr').on('mouseleave', function(){\n      jQuery(this).removeClass('active-row');\n    });\n  });\n<\/script><\/div><\/div><\/div><\/div><\/p>\n","protected":false},"excerpt":{"rendered":"","protected":false},"author":2,"featured_media":0,"parent":826,"menu_order":0,"comment_status":"closed","ping_status":"closed","template":"100-width.php","meta":{"_acf_changed":false,"footnotes":""},"class_list":["post-1234","page","type-page","status-publish","hentry"],"acf":[],"yoast_head":"<!-- This site is optimized with the Yoast SEO plugin v27.3 - https:\/\/yoast.com\/product\/yoast-seo-wordpress\/ -->\n<title>Rodos Cup 2024 - rodoscup.gr<\/title>\n<meta name=\"robots\" content=\"index, follow, max-snippet:-1, max-image-preview:large, max-video-preview:-1\" \/>\n<link rel=\"canonical\" href=\"https:\/\/www.rodoscup.gr\/en\/history\/rodos-cup-2024\/\" \/>\n<meta property=\"og:locale\" content=\"en_US\" \/>\n<meta property=\"og:type\" content=\"article\" \/>\n<meta property=\"og:title\" content=\"Rodos Cup 2024 - rodoscup.gr\" \/>\n<meta property=\"og:url\" content=\"https:\/\/www.rodoscup.gr\/en\/history\/rodos-cup-2024\/\" \/>\n<meta property=\"og:site_name\" content=\"rodoscup.gr\" \/>\n<meta property=\"article:modified_time\" content=\"2026-01-25T14:14:17+00:00\" \/>\n<meta name=\"twitter:card\" content=\"summary_large_image\" \/>\n<meta name=\"twitter:label1\" content=\"Est. reading time\" \/>\n\t<meta name=\"twitter:data1\" content=\"32 minutes\" \/>\n<script type=\"application\/ld+json\" class=\"yoast-schema-graph\">{\"@context\":\"https:\\\/\\\/schema.org\",\"@graph\":[{\"@type\":\"WebPage\",\"@id\":\"https:\\\/\\\/www.rodoscup.gr\\\/en\\\/history\\\/rodos-cup-2024\\\/\",\"url\":\"https:\\\/\\\/www.rodoscup.gr\\\/en\\\/history\\\/rodos-cup-2024\\\/\",\"name\":\"Rodos Cup 2024 - rodoscup.gr\",\"isPartOf\":{\"@id\":\"https:\\\/\\\/www.rodoscup.gr\\\/en\\\/#website\"},\"datePublished\":\"2025-05-11T06:12:47+00:00\",\"dateModified\":\"2026-01-25T14:14:17+00:00\",\"breadcrumb\":{\"@id\":\"https:\\\/\\\/www.rodoscup.gr\\\/en\\\/history\\\/rodos-cup-2024\\\/#breadcrumb\"},\"inLanguage\":\"en-US\",\"potentialAction\":[{\"@type\":\"ReadAction\",\"target\":[\"https:\\\/\\\/www.rodoscup.gr\\\/en\\\/history\\\/rodos-cup-2024\\\/\"]}]},{\"@type\":\"BreadcrumbList\",\"@id\":\"https:\\\/\\\/www.rodoscup.gr\\\/en\\\/history\\\/rodos-cup-2024\\\/#breadcrumb\",\"itemListElement\":[{\"@type\":\"ListItem\",\"position\":1,\"name\":\"Home\",\"item\":\"https:\\\/\\\/www.rodoscup.gr\\\/en\\\/home\\\/\"},{\"@type\":\"ListItem\",\"position\":2,\"name\":\"History\",\"item\":\"https:\\\/\\\/www.rodoscup.gr\\\/en\\\/history\\\/\"},{\"@type\":\"ListItem\",\"position\":3,\"name\":\"Rodos Cup 2024\"}]},{\"@type\":\"WebSite\",\"@id\":\"https:\\\/\\\/www.rodoscup.gr\\\/en\\\/#website\",\"url\":\"https:\\\/\\\/www.rodoscup.gr\\\/en\\\/\",\"name\":\"rodoscup.gr\",\"description\":\"\",\"potentialAction\":[{\"@type\":\"SearchAction\",\"target\":{\"@type\":\"EntryPoint\",\"urlTemplate\":\"https:\\\/\\\/www.rodoscup.gr\\\/en\\\/?s={search_term_string}\"},\"query-input\":{\"@type\":\"PropertyValueSpecification\",\"valueRequired\":true,\"valueName\":\"search_term_string\"}}],\"inLanguage\":\"en-US\"}]}<\/script>\n<!-- \/ Yoast SEO plugin. -->","yoast_head_json":{"title":"Rodos Cup 2024 - rodoscup.gr","robots":{"index":"index","follow":"follow","max-snippet":"max-snippet:-1","max-image-preview":"max-image-preview:large","max-video-preview":"max-video-preview:-1"},"canonical":"https:\/\/www.rodoscup.gr\/en\/history\/rodos-cup-2024\/","og_locale":"en_US","og_type":"article","og_title":"Rodos Cup 2024 - rodoscup.gr","og_url":"https:\/\/www.rodoscup.gr\/en\/history\/rodos-cup-2024\/","og_site_name":"rodoscup.gr","article_modified_time":"2026-01-25T14:14:17+00:00","twitter_card":"summary_large_image","twitter_misc":{"Est. reading time":"32 minutes"},"schema":{"@context":"https:\/\/schema.org","@graph":[{"@type":"WebPage","@id":"https:\/\/www.rodoscup.gr\/en\/history\/rodos-cup-2024\/","url":"https:\/\/www.rodoscup.gr\/en\/history\/rodos-cup-2024\/","name":"Rodos Cup 2024 - rodoscup.gr","isPartOf":{"@id":"https:\/\/www.rodoscup.gr\/en\/#website"},"datePublished":"2025-05-11T06:12:47+00:00","dateModified":"2026-01-25T14:14:17+00:00","breadcrumb":{"@id":"https:\/\/www.rodoscup.gr\/en\/history\/rodos-cup-2024\/#breadcrumb"},"inLanguage":"en-US","potentialAction":[{"@type":"ReadAction","target":["https:\/\/www.rodoscup.gr\/en\/history\/rodos-cup-2024\/"]}]},{"@type":"BreadcrumbList","@id":"https:\/\/www.rodoscup.gr\/en\/history\/rodos-cup-2024\/#breadcrumb","itemListElement":[{"@type":"ListItem","position":1,"name":"Home","item":"https:\/\/www.rodoscup.gr\/en\/home\/"},{"@type":"ListItem","position":2,"name":"History","item":"https:\/\/www.rodoscup.gr\/en\/history\/"},{"@type":"ListItem","position":3,"name":"Rodos Cup 2024"}]},{"@type":"WebSite","@id":"https:\/\/www.rodoscup.gr\/en\/#website","url":"https:\/\/www.rodoscup.gr\/en\/","name":"rodoscup.gr","description":"","potentialAction":[{"@type":"SearchAction","target":{"@type":"EntryPoint","urlTemplate":"https:\/\/www.rodoscup.gr\/en\/?s={search_term_string}"},"query-input":{"@type":"PropertyValueSpecification","valueRequired":true,"valueName":"search_term_string"}}],"inLanguage":"en-US"}]}},"_links":{"self":[{"href":"https:\/\/www.rodoscup.gr\/en\/wp-json\/wp\/v2\/pages\/1234","targetHints":{"allow":["GET"]}}],"collection":[{"href":"https:\/\/www.rodoscup.gr\/en\/wp-json\/wp\/v2\/pages"}],"about":[{"href":"https:\/\/www.rodoscup.gr\/en\/wp-json\/wp\/v2\/types\/page"}],"author":[{"embeddable":true,"href":"https:\/\/www.rodoscup.gr\/en\/wp-json\/wp\/v2\/users\/2"}],"replies":[{"embeddable":true,"href":"https:\/\/www.rodoscup.gr\/en\/wp-json\/wp\/v2\/comments?post=1234"}],"version-history":[{"count":6,"href":"https:\/\/www.rodoscup.gr\/en\/wp-json\/wp\/v2\/pages\/1234\/revisions"}],"predecessor-version":[{"id":1410,"href":"https:\/\/www.rodoscup.gr\/en\/wp-json\/wp\/v2\/pages\/1234\/revisions\/1410"}],"up":[{"embeddable":true,"href":"https:\/\/www.rodoscup.gr\/en\/wp-json\/wp\/v2\/pages\/826"}],"wp:attachment":[{"href":"https:\/\/www.rodoscup.gr\/en\/wp-json\/wp\/v2\/media?parent=1234"}],"curies":[{"name":"wp","href":"https:\/\/api.w.org\/{rel}","templated":true}]}}